{"id":531,"date":"2024-08-09T16:12:41","date_gmt":"2024-08-09T16:12:41","guid":{"rendered":"https:\/\/teamworkmx.com\/site\/?page_id=531"},"modified":"2025-10-20T20:51:45","modified_gmt":"2025-10-20T20:51:45","slug":"tour-360","status":"publish","type":"page","link":"https:\/\/teamworkmx.com\/site\/tour-360\/","title":{"rendered":"Tour 360"},"content":{"rendered":"\t\t<div data-elementor-type=\"wp-page\" data-elementor-id=\"531\" class=\"elementor elementor-531\" data-elementor-post-type=\"page\">\n\t\t\t\t<div class=\"elementor-element elementor-element-2023a3f e-con-full e-flex e-con e-parent\" data-id=\"2023a3f\" data-element_type=\"container\" data-settings=\"{&quot;background_background&quot;:&quot;classic&quot;}\">\n\t\t\t\t<div class=\"elementor-element elementor-element-24edfd6 elementor-widget elementor-widget-spacer\" data-id=\"24edfd6\" data-element_type=\"widget\" data-widget_type=\"spacer.default\">\n\t\t\t\t<div class=\"elementor-widget-container\">\n\t\t\t\t\t\t\t<div class=\"elementor-spacer\">\n\t\t\t<div class=\"elementor-spacer-inner\"><\/div>\n\t\t<\/div>\n\t\t\t\t\t\t<\/div>\n\t\t\t\t<\/div>\n\t\t\t\t<div class=\"elementor-element elementor-element-a4613c4 elementor-widget elementor-widget-heading\" data-id=\"a4613c4\" data-element_type=\"widget\" data-widget_type=\"heading.default\">\n\t\t\t\t<div class=\"elementor-widget-container\">\n\t\t\t\t\t<h3 class=\"elementor-heading-title elementor-size-default\">TOUR 360<\/h3>\t\t\t\t<\/div>\n\t\t\t\t<\/div>\n\t\t\t\t<\/div>\n\t\t<div class=\"elementor-element elementor-element-37e1ed6 e-flex e-con-boxed e-con e-parent\" data-id=\"37e1ed6\" data-element_type=\"container\">\n\t\t\t\t\t<div class=\"e-con-inner\">\n\t\t\t\t<div class=\"elementor-element elementor-element-a560281 elementor-widget elementor-widget-spacer\" data-id=\"a560281\" data-element_type=\"widget\" data-widget_type=\"spacer.default\">\n\t\t\t\t<div class=\"elementor-widget-container\">\n\t\t\t\t\t\t\t<div class=\"elementor-spacer\">\n\t\t\t<div class=\"elementor-spacer-inner\"><\/div>\n\t\t<\/div>\n\t\t\t\t\t\t<\/div>\n\t\t\t\t<\/div>\n\t\t\t\t\t<\/div>\n\t\t\t\t<\/div>\n\t\t<div class=\"elementor-element elementor-element-dca88f4 e-flex e-con-boxed e-con e-parent\" data-id=\"dca88f4\" data-element_type=\"container\">\n\t\t\t\t\t<div class=\"e-con-inner\">\n\t\t\t\t<div class=\"elementor-element elementor-element-08eeb55 elementor-widget elementor-widget-heading\" data-id=\"08eeb55\" data-element_type=\"widget\" data-widget_type=\"heading.default\">\n\t\t\t\t<div class=\"elementor-widget-container\">\n\t\t\t\t\t<h1 class=\"elementor-heading-title elementor-size-default\">\u00a1Explora nuestro tour virtual ahora!<\/h1>\t\t\t\t<\/div>\n\t\t\t\t<\/div>\n\t\t\t\t\t<\/div>\n\t\t\t\t<\/div>\n\t\t<div class=\"elementor-element elementor-element-a4d2c70 e-flex e-con-boxed e-con e-parent\" data-id=\"a4d2c70\" data-element_type=\"container\">\n\t\t\t\t\t<div class=\"e-con-inner\">\n\t\t\t\t<div class=\"elementor-element elementor-element-e297674 elementor-widget elementor-widget-ggpkg\" data-id=\"e297674\" data-element_type=\"widget\" data-widget_type=\"ggpkg.default\">\n\t\t\t\t<div class=\"elementor-widget-container\">\n\t\t\t\t\t<div class=\"ggpkg-elementor-widget\" style=\"width:100%;\"><div id='ggpkg_container_0_531' style='width:100%; height:100%; position: relative;'>\nLoading...\n<\/div>\n<script type='text\/javascript' src='https:\/\/teamworkmx.com\/site\/wp-content\/uploads\/2024\/08\/RECORRIDOTWM\/pano2vr_player.js'><\/script>\n<script type='text\/javascript' src='https:\/\/teamworkmx.com\/site\/wp-content\/uploads\/2024\/08\/RECORRIDOTWM\/skin.js'><\/script>\n<script type='text\/javascript'>\nwindow.addEventListener('load',function() {\nif  (typeof RECORRIDOTWM_pano2vrPlayer != 'undefined') {\n\tpano_0_531=new RECORRIDOTWM_pano2vrPlayer('ggpkg_container_0_531');\n} else {\n\tpano_0_531=new pano2vrPlayer('ggpkg_container_0_531');\n}\nif  (typeof RECORRIDOTWM_pano2vrSkin != 'undefined') {\n\tskin_0_531=new RECORRIDOTWM_pano2vrSkin(pano_0_531, 'https:\/\/teamworkmx.com\/site\/wp-content\/uploads\/2024\/08\/RECORRIDOTWM\/');\n} else {\n\tskin_0_531=new pano2vrSkin(pano_0_531, 'https:\/\/teamworkmx.com\/site\/wp-content\/uploads\/2024\/08\/RECORRIDOTWM\/');\n}\npano_0_531.readConfigUrlAsync('https:\/\/teamworkmx.com\/site\/wp-content\/uploads\/2024\/08\/RECORRIDOTWM\/pano.xml');\nvar contentOverflow = document.getElementById('content') ? document.getElementById('content').style.overflow : '';\npano_0_531.addListener('fullscreenenter', function() {\n\tif (document.getElementById('content')) {\n\t\tdocument.getElementById('content').style.overflow = 'visible';\n\t}\n});\npano_0_531.addListener('fullscreenexit', function() {\n\tif (document.getElementById('content')) {\n\t\tdocument.getElementById('content').style.overflow = contentOverflow;\n\t}\n});\n\n});\n<\/script>\n<\/div>\t\t\t\t<\/div>\n\t\t\t\t<\/div>\n\t\t\t\t\t<\/div>\n\t\t\t\t<\/div>\n\t\t<div class=\"elementor-element elementor-element-0773340 e-flex e-con-boxed e-con e-parent\" data-id=\"0773340\" data-element_type=\"container\">\n\t\t\t\t\t<div class=\"e-con-inner\">\n\t\t<div class=\"elementor-element elementor-element-dd13e09 e-con-full e-flex e-con e-child\" data-id=\"dd13e09\" data-element_type=\"container\">\n\t\t\t\t<\/div>\n\t\t<div class=\"elementor-element elementor-element-db05b20 e-con-full e-flex e-con e-child\" data-id=\"db05b20\" data-element_type=\"container\">\n\t\t\t\t<div class=\"elementor-element elementor-element-3913274 elementor-widget elementor-widget-heading\" data-id=\"3913274\" data-element_type=\"widget\" data-widget_type=\"heading.default\">\n\t\t\t\t<div class=\"elementor-widget-container\">\n\t\t\t\t\t<h2 class=\"elementor-heading-title elementor-size-default\">CONT\u00c1CTANOS<\/h2>\t\t\t\t<\/div>\n\t\t\t\t<\/div>\n\t\t\t\t<div class=\"elementor-element elementor-element-b646f15 elementor-widget elementor-widget-heading\" data-id=\"b646f15\" data-element_type=\"widget\" data-widget_type=\"heading.default\">\n\t\t\t\t<div class=\"elementor-widget-container\">\n\t\t\t\t\t<h4 class=\"elementor-heading-title elementor-size-default\">PARA M\u00c1S INFORMACI\u00d3N<\/h4>\t\t\t\t<\/div>\n\t\t\t\t<\/div>\n\t\t\t\t<\/div>\n\t\t<div class=\"elementor-element elementor-element-80afff0 e-con-full e-flex e-con e-child\" data-id=\"80afff0\" data-element_type=\"container\">\n\t\t\t\t<\/div>\n\t\t\t\t\t<\/div>\n\t\t\t\t<\/div>\n\t\t<div class=\"elementor-element elementor-element-cf60a02 e-flex e-con-boxed e-con e-parent\" data-id=\"cf60a02\" data-element_type=\"container\">\n\t\t\t\t\t<div class=\"e-con-inner\">\n\t\t\t\t<div class=\"elementor-element elementor-element-bcca36a elementor-widget elementor-widget-heading\" data-id=\"bcca36a\" data-element_type=\"widget\" data-widget_type=\"heading.default\">\n\t\t\t\t<div class=\"elementor-widget-container\">\n\t\t\t\t\t<h4 class=\"elementor-heading-title elementor-size-default\">Pregunta por nuestras promociones vigentes.<\/h4>\t\t\t\t<\/div>\n\t\t\t\t<\/div>\n\t\t\t\t\t<\/div>\n\t\t\t\t<\/div>\n\t\t<div class=\"elementor-element elementor-element-e9ded54 e-flex e-con-boxed e-con e-parent\" data-id=\"e9ded54\" data-element_type=\"container\">\n\t\t\t\t\t<div class=\"e-con-inner\">\n\t\t<div class=\"elementor-element elementor-element-ff2a4d3 e-con-full e-flex e-con e-child\" data-id=\"ff2a4d3\" data-element_type=\"container\">\n\t\t\t\t<div class=\"elementor-element elementor-element-18d6e86 elementor-button-align-stretch elementor-widget elementor-widget-form\" data-id=\"18d6e86\" data-element_type=\"widget\" data-settings=\"{&quot;step_next_label&quot;:&quot;Next&quot;,&quot;step_previous_label&quot;:&quot;Previous&quot;,&quot;button_width&quot;:&quot;100&quot;,&quot;step_type&quot;:&quot;number_text&quot;,&quot;step_icon_shape&quot;:&quot;circle&quot;}\" data-widget_type=\"form.default\">\n\t\t\t\t<div class=\"elementor-widget-container\">\n\t\t\t\t\t\t\t<form class=\"elementor-form\" method=\"post\" name=\"New Form\">\n\t\t\t<input type=\"hidden\" name=\"post_id\" value=\"531\"\/>\n\t\t\t<input type=\"hidden\" name=\"form_id\" value=\"18d6e86\"\/>\n\t\t\t<input type=\"hidden\" name=\"referer_title\" value=\"teamworkmx\" \/>\n\n\t\t\t\n\t\t\t<div class=\"elementor-form-fields-wrapper elementor-labels-above\">\n\t\t\t\t\t\t\t\t<div class=\"elementor-field-type-text elementor-field-group elementor-column elementor-field-group-name elementor-col-100\">\n\t\t\t\t\t\t\t\t\t\t\t\t<label for=\"form-field-name\" class=\"elementor-field-label\">\n\t\t\t\t\t\t\t\tNombre\t\t\t\t\t\t\t<\/label>\n\t\t\t\t\t\t\t\t\t\t\t\t\t\t<input size=\"1\" type=\"text\" name=\"form_fields[name]\" id=\"form-field-name\" class=\"elementor-field elementor-size-sm  elementor-field-textual\" placeholder=\"Nombre\">\n\t\t\t\t\t\t\t\t\t\t\t<\/div>\n\t\t\t\t\t\t\t\t<div class=\"elementor-field-type-email elementor-field-group elementor-column elementor-field-group-email elementor-col-100 elementor-field-required\">\n\t\t\t\t\t\t\t\t\t\t\t\t<label for=\"form-field-email\" class=\"elementor-field-label\">\n\t\t\t\t\t\t\t\tEmail\t\t\t\t\t\t\t<\/label>\n\t\t\t\t\t\t\t\t\t\t\t\t\t\t<input size=\"1\" type=\"email\" name=\"form_fields[email]\" id=\"form-field-email\" class=\"elementor-field elementor-size-sm  elementor-field-textual\" placeholder=\"Email\" required=\"required\">\n\t\t\t\t\t\t\t\t\t\t\t<\/div>\n\t\t\t\t\t\t\t\t<div class=\"elementor-field-type-textarea elementor-field-group elementor-column elementor-field-group-message elementor-col-100\">\n\t\t\t\t\t\t\t\t\t\t\t\t<label for=\"form-field-message\" class=\"elementor-field-label\">\n\t\t\t\t\t\t\t\tMensaje\t\t\t\t\t\t\t<\/label>\n\t\t\t\t\t\t<textarea class=\"elementor-field-textual elementor-field  elementor-size-sm\" name=\"form_fields[message]\" id=\"form-field-message\" rows=\"4\" placeholder=\"Mensaje\"><\/textarea>\t\t\t\t<\/div>\n\t\t\t\t\t\t\t\t<div class=\"elementor-field-group elementor-column elementor-field-type-submit elementor-col-100 e-form__buttons\">\n\t\t\t\t\t<button class=\"elementor-button elementor-size-sm\" type=\"submit\">\n\t\t\t\t\t\t<span class=\"elementor-button-content-wrapper\">\n\t\t\t\t\t\t\t\t\t\t\t\t\t\t\t\t\t\t\t\t\t\t<span class=\"elementor-button-text\">Enviar<\/span>\n\t\t\t\t\t\t\t\t\t\t\t\t\t<\/span>\n\t\t\t\t\t<\/button>\n\t\t\t\t<\/div>\n\t\t\t<\/div>\n\t\t<\/form>\n\t\t\t\t\t\t<\/div>\n\t\t\t\t<\/div>\n\t\t\t\t<\/div>\n\t\t<div class=\"elementor-element elementor-element-d336c78 e-con-full e-flex e-con e-child\" data-id=\"d336c78\" data-element_type=\"container\">\n\t\t\t\t<div class=\"elementor-element elementor-element-b875ca9 elementor-widget elementor-widget-google_maps\" data-id=\"b875ca9\" data-element_type=\"widget\" data-widget_type=\"google_maps.default\">\n\t\t\t\t<div class=\"elementor-widget-container\">\n\t\t\t\t\t\t\t<div class=\"elementor-custom-embed\">\n\t\t\t<iframe loading=\"lazy\"\n\t\t\t\t\tsrc=\"https:\/\/maps.google.com\/maps?q=M%C3%A9xico%2057%20193%2C%2076847%20El%20Cazadero%2C%20Qro.&#038;t=m&#038;z=10&#038;output=embed&#038;iwloc=near\"\n\t\t\t\t\ttitle=\"M\u00e9xico 57 193, 76847 El Cazadero, Qro.\"\n\t\t\t\t\taria-label=\"M\u00e9xico 57 193, 76847 El Cazadero, Qro.\"\n\t\t\t><\/iframe>\n\t\t<\/div>\n\t\t\t\t\t\t<\/div>\n\t\t\t\t<\/div>\n\t\t\t\t<\/div>\n\t\t\t\t\t<\/div>\n\t\t\t\t<\/div>\n\t\t\t\t<\/div>\n\t\t","protected":false},"excerpt":{"rendered":"<p>TOUR 360 \u00a1Explora nuestro tour virtual ahora! Loading&#8230; CONT\u00c1CTANOS PARA M\u00c1S INFORMACI\u00d3N Pregunta por nuestras promociones vigentes.<\/p>\n","protected":false},"author":1,"featured_media":0,"parent":0,"menu_order":0,"comment_status":"closed","ping_status":"closed","template":"","meta":{"footnotes":""},"class_list":["post-531","page","type-page","status-publish","hentry"],"yoast_head":"<!-- This site is optimized with the Yoast SEO Premium plugin v24.8 (Yoast SEO v24.8.1) - https:\/\/yoast.com\/wordpress\/plugins\/seo\/ -->\n<title>Tour 360 - teamworkmx<\/title>\n<meta name=\"robots\" content=\"noindex, nofollow\" \/>\n<meta property=\"og:locale\" content=\"es_ES\" \/>\n<meta property=\"og:type\" content=\"article\" \/>\n<meta property=\"og:title\" content=\"Tour 360\" \/>\n<meta property=\"og:description\" content=\"TOUR 360 \u00a1Explora nuestro tour virtual ahora! Loading&#8230; CONT\u00c1CTANOS PARA M\u00c1S INFORMACI\u00d3N Pregunta por nuestras promociones vigentes.\" \/>\n<meta property=\"og:url\" content=\"https:\/\/teamworkmx.com\/site\/tour-360\/\" \/>\n<meta property=\"og:site_name\" content=\"teamworkmx\" \/>\n<meta property=\"article:modified_time\" content=\"2025-10-20T20:51:45+00:00\" \/>\n<meta name=\"twitter:card\" content=\"summary_large_image\" \/>\n<meta name=\"twitter:label1\" content=\"Tiempo de lectura\" \/>\n\t<meta name=\"twitter:data1\" content=\"1 minuto\" \/>\n<script type=\"application\/ld+json\" class=\"yoast-schema-graph\">{\"@context\":\"https:\/\/schema.org\",\"@graph\":[{\"@type\":\"WebPage\",\"@id\":\"https:\/\/teamworkmx.com\/site\/tour-360\/\",\"url\":\"https:\/\/teamworkmx.com\/site\/tour-360\/\",\"name\":\"Tour 360 - teamworkmx\",\"isPartOf\":{\"@id\":\"https:\/\/teamworkmx.com\/site\/#website\"},\"datePublished\":\"2024-08-09T16:12:41+00:00\",\"dateModified\":\"2025-10-20T20:51:45+00:00\",\"breadcrumb\":{\"@id\":\"https:\/\/teamworkmx.com\/site\/tour-360\/#breadcrumb\"},\"inLanguage\":\"es\",\"potentialAction\":[{\"@type\":\"ReadAction\",\"target\":[\"https:\/\/teamworkmx.com\/site\/tour-360\/\"]}]},{\"@type\":\"BreadcrumbList\",\"@id\":\"https:\/\/teamworkmx.com\/site\/tour-360\/#breadcrumb\",\"itemListElement\":[{\"@type\":\"ListItem\",\"position\":1,\"name\":\"Portada\",\"item\":\"https:\/\/teamworkmx.com\/site\/\"},{\"@type\":\"ListItem\",\"position\":2,\"name\":\"Recorrido 360\"}]},{\"@type\":\"WebSite\",\"@id\":\"https:\/\/teamworkmx.com\/site\/#website\",\"url\":\"https:\/\/teamworkmx.com\/site\/\",\"name\":\"teamworkmx\",\"description\":\"Espacios de oficinas y cowork \",\"publisher\":{\"@id\":\"https:\/\/teamworkmx.com\/site\/#organization\"},\"potentialAction\":[{\"@type\":\"SearchAction\",\"target\":{\"@type\":\"EntryPoint\",\"urlTemplate\":\"https:\/\/teamworkmx.com\/site\/?s={search_term_string}\"},\"query-input\":{\"@type\":\"PropertyValueSpecification\",\"valueRequired\":true,\"valueName\":\"search_term_string\"}}],\"inLanguage\":\"es\"},{\"@type\":\"Organization\",\"@id\":\"https:\/\/teamworkmx.com\/site\/#organization\",\"name\":\"teamworkmx\",\"url\":\"https:\/\/teamworkmx.com\/site\/\",\"logo\":{\"@type\":\"ImageObject\",\"inLanguage\":\"es\",\"@id\":\"https:\/\/teamworkmx.com\/site\/#\/schema\/logo\/image\/\",\"url\":\"https:\/\/teamworkmx.com\/site\/wp-content\/uploads\/2024\/04\/twn-logo-mint.png\",\"contentUrl\":\"https:\/\/teamworkmx.com\/site\/wp-content\/uploads\/2024\/04\/twn-logo-mint.png\",\"width\":700,\"height\":700,\"caption\":\"teamworkmx\"},\"image\":{\"@id\":\"https:\/\/teamworkmx.com\/site\/#\/schema\/logo\/image\/\"}}]}<\/script>\n<!-- \/ Yoast SEO Premium plugin. -->","yoast_head_json":{"title":"Tour 360 - teamworkmx","robots":{"index":"noindex","follow":"nofollow"},"og_locale":"es_ES","og_type":"article","og_title":"Tour 360","og_description":"TOUR 360 \u00a1Explora nuestro tour virtual ahora! Loading&#8230; CONT\u00c1CTANOS PARA M\u00c1S INFORMACI\u00d3N Pregunta por nuestras promociones vigentes.","og_url":"https:\/\/teamworkmx.com\/site\/tour-360\/","og_site_name":"teamworkmx","article_modified_time":"2025-10-20T20:51:45+00:00","twitter_card":"summary_large_image","twitter_misc":{"Tiempo de lectura":"1 minuto"},"schema":{"@context":"https:\/\/schema.org","@graph":[{"@type":"WebPage","@id":"https:\/\/teamworkmx.com\/site\/tour-360\/","url":"https:\/\/teamworkmx.com\/site\/tour-360\/","name":"Tour 360 - teamworkmx","isPartOf":{"@id":"https:\/\/teamworkmx.com\/site\/#website"},"datePublished":"2024-08-09T16:12:41+00:00","dateModified":"2025-10-20T20:51:45+00:00","breadcrumb":{"@id":"https:\/\/teamworkmx.com\/site\/tour-360\/#breadcrumb"},"inLanguage":"es","potentialAction":[{"@type":"ReadAction","target":["https:\/\/teamworkmx.com\/site\/tour-360\/"]}]},{"@type":"BreadcrumbList","@id":"https:\/\/teamworkmx.com\/site\/tour-360\/#breadcrumb","itemListElement":[{"@type":"ListItem","position":1,"name":"Portada","item":"https:\/\/teamworkmx.com\/site\/"},{"@type":"ListItem","position":2,"name":"Recorrido 360"}]},{"@type":"WebSite","@id":"https:\/\/teamworkmx.com\/site\/#website","url":"https:\/\/teamworkmx.com\/site\/","name":"teamworkmx","description":"Espacios de oficinas y cowork ","publisher":{"@id":"https:\/\/teamworkmx.com\/site\/#organization"},"potentialAction":[{"@type":"SearchAction","target":{"@type":"EntryPoint","urlTemplate":"https:\/\/teamworkmx.com\/site\/?s={search_term_string}"},"query-input":{"@type":"PropertyValueSpecification","valueRequired":true,"valueName":"search_term_string"}}],"inLanguage":"es"},{"@type":"Organization","@id":"https:\/\/teamworkmx.com\/site\/#organization","name":"teamworkmx","url":"https:\/\/teamworkmx.com\/site\/","logo":{"@type":"ImageObject","inLanguage":"es","@id":"https:\/\/teamworkmx.com\/site\/#\/schema\/logo\/image\/","url":"https:\/\/teamworkmx.com\/site\/wp-content\/uploads\/2024\/04\/twn-logo-mint.png","contentUrl":"https:\/\/teamworkmx.com\/site\/wp-content\/uploads\/2024\/04\/twn-logo-mint.png","width":700,"height":700,"caption":"teamworkmx"},"image":{"@id":"https:\/\/teamworkmx.com\/site\/#\/schema\/logo\/image\/"}}]}},"_links":{"self":[{"href":"https:\/\/teamworkmx.com\/site\/wp-json\/wp\/v2\/pages\/531","targetHints":{"allow":["GET"]}}],"collection":[{"href":"https:\/\/teamworkmx.com\/site\/wp-json\/wp\/v2\/pages"}],"about":[{"href":"https:\/\/teamworkmx.com\/site\/wp-json\/wp\/v2\/types\/page"}],"author":[{"embeddable":true,"href":"https:\/\/teamworkmx.com\/site\/wp-json\/wp\/v2\/users\/1"}],"replies":[{"embeddable":true,"href":"https:\/\/teamworkmx.com\/site\/wp-json\/wp\/v2\/comments?post=531"}],"version-history":[{"count":15,"href":"https:\/\/teamworkmx.com\/site\/wp-json\/wp\/v2\/pages\/531\/revisions"}],"predecessor-version":[{"id":1304,"href":"https:\/\/teamworkmx.com\/site\/wp-json\/wp\/v2\/pages\/531\/revisions\/1304"}],"wp:attachment":[{"href":"https:\/\/teamworkmx.com\/site\/wp-json\/wp\/v2\/media?parent=531"}],"curies":[{"name":"wp","href":"https:\/\/api.w.org\/{rel}","templated":true}]}}