{"id":397,"date":"2024-04-12T23:43:48","date_gmt":"2024-04-12T23:43:48","guid":{"rendered":"https:\/\/teamworkmx.com\/site\/?page_id=397"},"modified":"2026-02-03T23:37:02","modified_gmt":"2026-02-03T23:37:02","slug":"contacto-teamwork-mx","status":"publish","type":"page","link":"https:\/\/teamworkmx.com\/site\/contacto-teamwork-mx\/","title":{"rendered":"Contacto"},"content":{"rendered":"\t\t<div data-elementor-type=\"wp-page\" data-elementor-id=\"397\" class=\"elementor elementor-397\" data-elementor-post-type=\"page\">\n\t\t\t\t<div class=\"elementor-element elementor-element-2023a3f e-con-full e-flex e-con e-parent\" data-id=\"2023a3f\" data-element_type=\"container\" data-settings=\"{&quot;background_background&quot;:&quot;classic&quot;}\">\n\t\t\t\t<div class=\"elementor-element elementor-element-24edfd6 elementor-widget elementor-widget-spacer\" data-id=\"24edfd6\" data-element_type=\"widget\" data-widget_type=\"spacer.default\">\n\t\t\t\t<div class=\"elementor-widget-container\">\n\t\t\t\t\t\t\t<div class=\"elementor-spacer\">\n\t\t\t<div class=\"elementor-spacer-inner\"><\/div>\n\t\t<\/div>\n\t\t\t\t\t\t<\/div>\n\t\t\t\t<\/div>\n\t\t\t\t<div class=\"elementor-element elementor-element-a4613c4 elementor-widget elementor-widget-heading\" data-id=\"a4613c4\" data-element_type=\"widget\" data-widget_type=\"heading.default\">\n\t\t\t\t<div class=\"elementor-widget-container\">\n\t\t\t\t\t<h1 class=\"elementor-heading-title elementor-size-default\">Cont\u00e1ctanos<\/h1>\t\t\t\t<\/div>\n\t\t\t\t<\/div>\n\t\t\t\t<\/div>\n\t\t<div class=\"elementor-element elementor-element-37e1ed6 e-flex e-con-boxed e-con e-parent\" data-id=\"37e1ed6\" data-element_type=\"container\">\n\t\t\t\t\t<div class=\"e-con-inner\">\n\t\t\t\t<div class=\"elementor-element elementor-element-a560281 elementor-widget elementor-widget-spacer\" data-id=\"a560281\" data-element_type=\"widget\" data-widget_type=\"spacer.default\">\n\t\t\t\t<div class=\"elementor-widget-container\">\n\t\t\t\t\t\t\t<div class=\"elementor-spacer\">\n\t\t\t<div class=\"elementor-spacer-inner\"><\/div>\n\t\t<\/div>\n\t\t\t\t\t\t<\/div>\n\t\t\t\t<\/div>\n\t\t\t\t\t<\/div>\n\t\t\t\t<\/div>\n\t\t<div class=\"elementor-element elementor-element-0773340 e-flex e-con-boxed e-con e-parent\" data-id=\"0773340\" data-element_type=\"container\">\n\t\t\t\t\t<div class=\"e-con-inner\">\n\t\t<div class=\"elementor-element elementor-element-dd13e09 e-con-full e-flex e-con e-child\" data-id=\"dd13e09\" data-element_type=\"container\">\n\t\t\t\t<\/div>\n\t\t<div class=\"elementor-element elementor-element-db05b20 e-con-full e-flex e-con e-child\" data-id=\"db05b20\" data-element_type=\"container\">\n\t\t\t\t<div class=\"elementor-element elementor-element-3913274 elementor-widget elementor-widget-heading\" data-id=\"3913274\" data-element_type=\"widget\" data-widget_type=\"heading.default\">\n\t\t\t\t<div class=\"elementor-widget-container\">\n\t\t\t\t\t<h2 class=\"elementor-heading-title elementor-size-default\">CONT\u00c1CTANOS<\/h2>\t\t\t\t<\/div>\n\t\t\t\t<\/div>\n\t\t\t\t<div class=\"elementor-element elementor-element-b646f15 elementor-widget elementor-widget-heading\" data-id=\"b646f15\" data-element_type=\"widget\" data-widget_type=\"heading.default\">\n\t\t\t\t<div class=\"elementor-widget-container\">\n\t\t\t\t\t<h4 class=\"elementor-heading-title elementor-size-default\">PARA M\u00c1S INFORMACI\u00d3N<\/h4>\t\t\t\t<\/div>\n\t\t\t\t<\/div>\n\t\t\t\t<\/div>\n\t\t<div class=\"elementor-element elementor-element-80afff0 e-con-full e-flex e-con e-child\" data-id=\"80afff0\" data-element_type=\"container\">\n\t\t\t\t<\/div>\n\t\t\t\t\t<\/div>\n\t\t\t\t<\/div>\n\t\t<div class=\"elementor-element elementor-element-cf60a02 e-flex e-con-boxed e-con e-parent\" data-id=\"cf60a02\" data-element_type=\"container\">\n\t\t\t\t\t<div class=\"e-con-inner\">\n\t\t\t\t<div class=\"elementor-element elementor-element-bcca36a elementor-widget elementor-widget-heading\" data-id=\"bcca36a\" data-element_type=\"widget\" data-widget_type=\"heading.default\">\n\t\t\t\t<div class=\"elementor-widget-container\">\n\t\t\t\t\t<h4 class=\"elementor-heading-title elementor-size-default\">Pregunta por nuestras promociones vigentes.<\/h4>\t\t\t\t<\/div>\n\t\t\t\t<\/div>\n\t\t\t\t\t<\/div>\n\t\t\t\t<\/div>\n\t\t<div class=\"elementor-element elementor-element-e9ded54 e-flex e-con-boxed e-con e-parent\" data-id=\"e9ded54\" data-element_type=\"container\">\n\t\t\t\t\t<div class=\"e-con-inner\">\n\t\t<div class=\"elementor-element elementor-element-ff2a4d3 e-con-full e-flex e-con e-child\" data-id=\"ff2a4d3\" data-element_type=\"container\">\n\t\t\t\t<div class=\"elementor-element elementor-element-497c9bb elementor-widget elementor-widget-html\" data-id=\"497c9bb\" data-element_type=\"widget\" data-widget_type=\"html.default\">\n\t\t\t\t<div class=\"elementor-widget-container\">\n\t\t\t\t\t<style id=\"wpforms-css-vars-1473\">\n\t\t\t\t#wpforms-1473 {\n\t\t\t\t--wpforms-container-padding: 0px;\n--wpforms-container-border-width: 1px;\n--wpforms-container-border-radius: 3px;\n--wpforms-background-color: rgba(0, 0, 0, 0);\n--wpforms-field-size-input-height: 43px;\n--wpforms-field-size-input-spacing: 15px;\n--wpforms-field-size-font-size: 16px;\n--wpforms-field-size-line-height: 19px;\n--wpforms-field-size-padding-h: 14px;\n--wpforms-field-size-checkbox-size: 16px;\n--wpforms-field-size-sublabel-spacing: 5px;\n--wpforms-field-size-icon-size: 1;\n--wpforms-label-size-font-size: 16px;\n--wpforms-label-size-line-height: 19px;\n--wpforms-label-size-sublabel-font-size: 14px;\n--wpforms-label-size-sublabel-line-height: 17px;\n--wpforms-button-size-font-size: 17px;\n--wpforms-button-size-height: 41px;\n--wpforms-button-size-padding-h: 15px;\n--wpforms-button-size-margin-top: 10px;\n--wpforms-container-shadow-size-box-shadow: none;\n\t\t\t}\n\t\t\t<\/style><div class=\"wpforms-container wpforms-container-full wpforms-render-modern\" id=\"wpforms-1473\"><form id=\"wpforms-form-1473\" class=\"wpforms-validate wpforms-form wpforms-ajax-form\" data-formid=\"1473\" method=\"post\" enctype=\"multipart\/form-data\" action=\"\/site\/wp-json\/wp\/v2\/pages\/397\" data-token=\"74f23f5b5533e6b428ba1892e2927d0d\" data-token-time=\"1778072686\"><noscript class=\"wpforms-error-noscript\">Por favor, activa JavaScript en tu navegador para completar este formulario.<\/noscript><div id=\"wpforms-error-noscript\" style=\"display: none;\">Por favor, activa JavaScript en tu navegador para completar este formulario.<\/div><div class=\"wpforms-field-container\">\t\t<div id=\"wpforms-1473-field_5-container\"\n\t\t\tclass=\"wpforms-field wpforms-field-text\"\n\t\t\tdata-field-type=\"text\"\n\t\t\tdata-field-id=\"5\"\n\t\t\t>\n\t\t\t<label class=\"wpforms-field-label\" for=\"wpforms-1473-field_5\" >Correo Mensaje electr\u00f3nico<\/label>\n\t\t\t<input type=\"text\" id=\"wpforms-1473-field_5\" class=\"wpforms-field-medium\" name=\"wpforms[fields][5]\" >\n\t\t<\/div>\n\t\t<div id=\"wpforms-1473-field_1-container\" class=\"wpforms-field wpforms-field-name\" data-field-id=\"1\"><label class=\"wpforms-field-label\" for=\"wpforms-1473-field_1\">Nombre <span class=\"wpforms-required-label\" aria-hidden=\"true\">*<\/span><\/label><input type=\"text\" id=\"wpforms-1473-field_1\" class=\"wpforms-field-medium wpforms-field-required\" name=\"wpforms[fields][1]\" aria-errormessage=\"wpforms-1473-field_1-error\" required><\/div><div id=\"wpforms-1473-field_2-container\" class=\"wpforms-field wpforms-field-email\" data-field-id=\"2\"><label class=\"wpforms-field-label\" for=\"wpforms-1473-field_2\">Correo electr\u00f3nico <span class=\"wpforms-required-label\" aria-hidden=\"true\">*<\/span><\/label><input type=\"email\" id=\"wpforms-1473-field_2\" class=\"wpforms-field-medium wpforms-field-required\" name=\"wpforms[fields][2]\" spellcheck=\"false\" aria-errormessage=\"wpforms-1473-field_2-error\" required><\/div><div id=\"wpforms-1473-field_3-container\" class=\"wpforms-field wpforms-field-number\" data-field-id=\"3\"><label class=\"wpforms-field-label\" for=\"wpforms-1473-field_3\">N\u00fameros <span class=\"wpforms-required-label\" aria-hidden=\"true\">*<\/span><\/label><input type=\"number\" id=\"wpforms-1473-field_3\" class=\"wpforms-field-medium wpforms-field-required\" name=\"wpforms[fields][3]\" step=\"any\" aria-errormessage=\"wpforms-1473-field_3-error\" required><\/div><div id=\"wpforms-1473-field_4-container\" class=\"wpforms-field wpforms-field-textarea\" data-field-id=\"4\"><label class=\"wpforms-field-label\" for=\"wpforms-1473-field_4\">Mensaje<\/label><textarea id=\"wpforms-1473-field_4\" class=\"wpforms-field-medium\" name=\"wpforms[fields][4]\" aria-errormessage=\"wpforms-1473-field_4-error\" ><\/textarea><\/div><script>\n\t\t\t\t( function() {\n\t\t\t\t\tconst style = document.createElement( 'style' );\n\t\t\t\t\tstyle.appendChild( document.createTextNode( '#wpforms-1473-field_5-container { position: absolute !important; overflow: hidden !important; display: inline !important; height: 1px !important; width: 1px !important; z-index: -1000 !important; padding: 0 !important; } #wpforms-1473-field_5-container input { visibility: hidden; } #wpforms-conversational-form-page #wpforms-1473-field_5-container label { counter-increment: none; }' ) );\n\t\t\t\t\tdocument.head.appendChild( style );\n\t\t\t\t\tdocument.currentScript?.remove();\n\t\t\t\t} )();\n\t\t\t<\/script><\/div><!-- .wpforms-field-container --><div class=\"wpforms-recaptcha-container wpforms-is-recaptcha wpforms-is-recaptcha-type-invisible\" ><div class=\"g-recaptcha\" data-sitekey=\"6LcoezosAAAAAHXIvPPidcf__1sm0hlreLR0VWxU\" data-size=\"invisible\"><\/div><\/div><div class=\"wpforms-submit-container\" ><input type=\"hidden\" name=\"wpforms[id]\" value=\"1473\"><input type=\"hidden\" name=\"page_title\" value=\"\"><input type=\"hidden\" name=\"page_url\" value=\"https:\/\/teamworkmx.com\/site\/wp-json\/wp\/v2\/pages\/397\"><input type=\"hidden\" name=\"url_referer\" value=\"\"><button type=\"submit\" name=\"wpforms[submit]\" id=\"wpforms-submit-1473\" class=\"wpforms-submit\" data-alt-text=\"Enviando...\" data-submit-text=\"Enviar\" aria-live=\"assertive\" value=\"wpforms-submit\">Enviar<\/button><img decoding=\"async\" src=\"https:\/\/teamworkmx.com\/site\/wp-content\/plugins\/wpforms-lite\/assets\/images\/submit-spin.svg\" class=\"wpforms-submit-spinner\" style=\"display: none;\" width=\"26\" height=\"26\" alt=\"Cargando\"><\/div><\/form><\/div>  <!-- .wpforms-container -->\r\n\t\t\t\t<\/div>\n\t\t\t\t<\/div>\n\t\t\t\t<\/div>\n\t\t<div class=\"elementor-element elementor-element-d336c78 e-con-full e-flex e-con e-child\" data-id=\"d336c78\" data-element_type=\"container\">\n\t\t\t\t<div class=\"elementor-element elementor-element-b875ca9 elementor-widget elementor-widget-google_maps\" data-id=\"b875ca9\" data-element_type=\"widget\" data-widget_type=\"google_maps.default\">\n\t\t\t\t<div class=\"elementor-widget-container\">\n\t\t\t\t\t\t\t<div class=\"elementor-custom-embed\">\n\t\t\t<iframe loading=\"lazy\"\n\t\t\t\t\tsrc=\"https:\/\/maps.google.com\/maps?q=TWM%20-%20Team%20Work%20M%C3%A9xico%20&#038;t=m&#038;z=15&#038;output=embed&#038;iwloc=near\"\n\t\t\t\t\ttitle=\"TWM - Team Work M\u00e9xico \"\n\t\t\t\t\taria-label=\"TWM - Team Work M\u00e9xico \"\n\t\t\t><\/iframe>\n\t\t<\/div>\n\t\t\t\t\t\t<\/div>\n\t\t\t\t<\/div>\n\t\t\t\t<\/div>\n\t\t\t\t\t<\/div>\n\t\t\t\t<\/div>\n\t\t<div class=\"elementor-element elementor-element-b018ecc e-flex e-con-boxed e-con e-parent\" data-id=\"b018ecc\" data-element_type=\"container\">\n\t\t\t\t\t<div class=\"e-con-inner\">\n\t\t\t\t\t<\/div>\n\t\t\t\t<\/div>\n\t\t\t\t<\/div>\n\t\t","protected":false},"excerpt":{"rendered":"<p>Cont\u00e1ctanos CONT\u00c1CTANOS PARA M\u00c1S INFORMACI\u00d3N Pregunta por nuestras promociones vigentes.<\/p>\n","protected":false},"author":1,"featured_media":0,"parent":0,"menu_order":0,"comment_status":"closed","ping_status":"closed","template":"","meta":{"footnotes":""},"class_list":["post-397","page","type-page","status-publish","hentry"],"yoast_head":"<!-- This site is optimized with the Yoast SEO Premium plugin v24.8 (Yoast SEO v24.8.1) - https:\/\/yoast.com\/wordpress\/plugins\/seo\/ -->\n<title>Contacto - TeamWork MX | Oficinas y Coworking en Quer\u00e9taro<\/title>\n<meta name=\"description\" content=\"\u00bfListo para empezar? Cont\u00e1ctanos para conocer nuestras oficinas, espacios de coworking y minibodegas en Quer\u00e9taro. \u00a1Te esperamos!\" \/>\n<meta name=\"robots\" content=\"index, follow, max-snippet:-1, max-image-preview:large, max-video-preview:-1\" \/>\n<link rel=\"canonical\" href=\"https:\/\/teamworkmx.com\/site\/contacto-teamwork-mx\/\" \/>\n<meta property=\"og:locale\" content=\"es_ES\" \/>\n<meta property=\"og:type\" content=\"article\" \/>\n<meta property=\"og:title\" content=\"Contacto\" \/>\n<meta property=\"og:description\" content=\"\u00bfListo para empezar? Cont\u00e1ctanos para conocer nuestras oficinas, espacios de coworking y minibodegas en Quer\u00e9taro. \u00a1Te esperamos!\" \/>\n<meta property=\"og:url\" content=\"https:\/\/teamworkmx.com\/site\/contacto-teamwork-mx\/\" \/>\n<meta property=\"og:site_name\" content=\"teamworkmx\" \/>\n<meta property=\"article:modified_time\" content=\"2026-02-03T23:37:02+00:00\" \/>\n<meta name=\"twitter:card\" content=\"summary_large_image\" \/>\n<meta name=\"twitter:label1\" content=\"Tiempo de lectura\" \/>\n\t<meta name=\"twitter:data1\" content=\"1 minuto\" \/>\n<script type=\"application\/ld+json\" class=\"yoast-schema-graph\">{\"@context\":\"https:\/\/schema.org\",\"@graph\":[{\"@type\":\"WebPage\",\"@id\":\"https:\/\/teamworkmx.com\/site\/contacto-teamwork-mx\/\",\"url\":\"https:\/\/teamworkmx.com\/site\/contacto-teamwork-mx\/\",\"name\":\"Contacto - TeamWork MX | Oficinas y Coworking en Quer\u00e9taro\",\"isPartOf\":{\"@id\":\"https:\/\/teamworkmx.com\/site\/#website\"},\"datePublished\":\"2024-04-12T23:43:48+00:00\",\"dateModified\":\"2026-02-03T23:37:02+00:00\",\"description\":\"\u00bfListo para empezar? Cont\u00e1ctanos para conocer nuestras oficinas, espacios de coworking y minibodegas en Quer\u00e9taro. \u00a1Te esperamos!\",\"breadcrumb\":{\"@id\":\"https:\/\/teamworkmx.com\/site\/contacto-teamwork-mx\/#breadcrumb\"},\"inLanguage\":\"es\",\"potentialAction\":[{\"@type\":\"ReadAction\",\"target\":[\"https:\/\/teamworkmx.com\/site\/contacto-teamwork-mx\/\"]}]},{\"@type\":\"BreadcrumbList\",\"@id\":\"https:\/\/teamworkmx.com\/site\/contacto-teamwork-mx\/#breadcrumb\",\"itemListElement\":[{\"@type\":\"ListItem\",\"position\":1,\"name\":\"Portada\",\"item\":\"https:\/\/teamworkmx.com\/site\/\"},{\"@type\":\"ListItem\",\"position\":2,\"name\":\"Contacto\"}]},{\"@type\":\"WebSite\",\"@id\":\"https:\/\/teamworkmx.com\/site\/#website\",\"url\":\"https:\/\/teamworkmx.com\/site\/\",\"name\":\"teamworkmx\",\"description\":\"Espacios de oficinas y cowork \",\"publisher\":{\"@id\":\"https:\/\/teamworkmx.com\/site\/#organization\"},\"potentialAction\":[{\"@type\":\"SearchAction\",\"target\":{\"@type\":\"EntryPoint\",\"urlTemplate\":\"https:\/\/teamworkmx.com\/site\/?s={search_term_string}\"},\"query-input\":{\"@type\":\"PropertyValueSpecification\",\"valueRequired\":true,\"valueName\":\"search_term_string\"}}],\"inLanguage\":\"es\"},{\"@type\":\"Organization\",\"@id\":\"https:\/\/teamworkmx.com\/site\/#organization\",\"name\":\"teamworkmx\",\"url\":\"https:\/\/teamworkmx.com\/site\/\",\"logo\":{\"@type\":\"ImageObject\",\"inLanguage\":\"es\",\"@id\":\"https:\/\/teamworkmx.com\/site\/#\/schema\/logo\/image\/\",\"url\":\"https:\/\/teamworkmx.com\/site\/wp-content\/uploads\/2024\/04\/twn-logo-mint.png\",\"contentUrl\":\"https:\/\/teamworkmx.com\/site\/wp-content\/uploads\/2024\/04\/twn-logo-mint.png\",\"width\":700,\"height\":700,\"caption\":\"teamworkmx\"},\"image\":{\"@id\":\"https:\/\/teamworkmx.com\/site\/#\/schema\/logo\/image\/\"}}]}<\/script>\n<!-- \/ Yoast SEO Premium plugin. -->","yoast_head_json":{"title":"Contacto - TeamWork MX | Oficinas y Coworking en Quer\u00e9taro","description":"\u00bfListo para empezar? Cont\u00e1ctanos para conocer nuestras oficinas, espacios de coworking y minibodegas en Quer\u00e9taro. \u00a1Te esperamos!","robots":{"index":"index","follow":"follow","max-snippet":"max-snippet:-1","max-image-preview":"max-image-preview:large","max-video-preview":"max-video-preview:-1"},"canonical":"https:\/\/teamworkmx.com\/site\/contacto-teamwork-mx\/","og_locale":"es_ES","og_type":"article","og_title":"Contacto","og_description":"\u00bfListo para empezar? Cont\u00e1ctanos para conocer nuestras oficinas, espacios de coworking y minibodegas en Quer\u00e9taro. \u00a1Te esperamos!","og_url":"https:\/\/teamworkmx.com\/site\/contacto-teamwork-mx\/","og_site_name":"teamworkmx","article_modified_time":"2026-02-03T23:37:02+00:00","twitter_card":"summary_large_image","twitter_misc":{"Tiempo de lectura":"1 minuto"},"schema":{"@context":"https:\/\/schema.org","@graph":[{"@type":"WebPage","@id":"https:\/\/teamworkmx.com\/site\/contacto-teamwork-mx\/","url":"https:\/\/teamworkmx.com\/site\/contacto-teamwork-mx\/","name":"Contacto - TeamWork MX | Oficinas y Coworking en Quer\u00e9taro","isPartOf":{"@id":"https:\/\/teamworkmx.com\/site\/#website"},"datePublished":"2024-04-12T23:43:48+00:00","dateModified":"2026-02-03T23:37:02+00:00","description":"\u00bfListo para empezar? Cont\u00e1ctanos para conocer nuestras oficinas, espacios de coworking y minibodegas en Quer\u00e9taro. \u00a1Te esperamos!","breadcrumb":{"@id":"https:\/\/teamworkmx.com\/site\/contacto-teamwork-mx\/#breadcrumb"},"inLanguage":"es","potentialAction":[{"@type":"ReadAction","target":["https:\/\/teamworkmx.com\/site\/contacto-teamwork-mx\/"]}]},{"@type":"BreadcrumbList","@id":"https:\/\/teamworkmx.com\/site\/contacto-teamwork-mx\/#breadcrumb","itemListElement":[{"@type":"ListItem","position":1,"name":"Portada","item":"https:\/\/teamworkmx.com\/site\/"},{"@type":"ListItem","position":2,"name":"Contacto"}]},{"@type":"WebSite","@id":"https:\/\/teamworkmx.com\/site\/#website","url":"https:\/\/teamworkmx.com\/site\/","name":"teamworkmx","description":"Espacios de oficinas y cowork ","publisher":{"@id":"https:\/\/teamworkmx.com\/site\/#organization"},"potentialAction":[{"@type":"SearchAction","target":{"@type":"EntryPoint","urlTemplate":"https:\/\/teamworkmx.com\/site\/?s={search_term_string}"},"query-input":{"@type":"PropertyValueSpecification","valueRequired":true,"valueName":"search_term_string"}}],"inLanguage":"es"},{"@type":"Organization","@id":"https:\/\/teamworkmx.com\/site\/#organization","name":"teamworkmx","url":"https:\/\/teamworkmx.com\/site\/","logo":{"@type":"ImageObject","inLanguage":"es","@id":"https:\/\/teamworkmx.com\/site\/#\/schema\/logo\/image\/","url":"https:\/\/teamworkmx.com\/site\/wp-content\/uploads\/2024\/04\/twn-logo-mint.png","contentUrl":"https:\/\/teamworkmx.com\/site\/wp-content\/uploads\/2024\/04\/twn-logo-mint.png","width":700,"height":700,"caption":"teamworkmx"},"image":{"@id":"https:\/\/teamworkmx.com\/site\/#\/schema\/logo\/image\/"}}]}},"_links":{"self":[{"href":"https:\/\/teamworkmx.com\/site\/wp-json\/wp\/v2\/pages\/397","targetHints":{"allow":["GET"]}}],"collection":[{"href":"https:\/\/teamworkmx.com\/site\/wp-json\/wp\/v2\/pages"}],"about":[{"href":"https:\/\/teamworkmx.com\/site\/wp-json\/wp\/v2\/types\/page"}],"author":[{"embeddable":true,"href":"https:\/\/teamworkmx.com\/site\/wp-json\/wp\/v2\/users\/1"}],"replies":[{"embeddable":true,"href":"https:\/\/teamworkmx.com\/site\/wp-json\/wp\/v2\/comments?post=397"}],"version-history":[{"count":32,"href":"https:\/\/teamworkmx.com\/site\/wp-json\/wp\/v2\/pages\/397\/revisions"}],"predecessor-version":[{"id":1505,"href":"https:\/\/teamworkmx.com\/site\/wp-json\/wp\/v2\/pages\/397\/revisions\/1505"}],"wp:attachment":[{"href":"https:\/\/teamworkmx.com\/site\/wp-json\/wp\/v2\/media?parent=397"}],"curies":[{"name":"wp","href":"https:\/\/api.w.org\/{rel}","templated":true}]}}